{"id":1093,"date":"2021-01-04T14:52:49","date_gmt":"2021-01-04T13:52:49","guid":{"rendered":"http:\/\/riparazionicellulari.it\/?page_id=1093"},"modified":"2021-01-04T22:41:58","modified_gmt":"2021-01-04T21:41:58","slug":"privacy-policy","status":"publish","type":"page","link":"https:\/\/www.riparazionicellulari.it\/index.php\/privacy-policy\/","title":{"rendered":"Privacy Policy"},"content":{"rendered":"<p><strong>Privacy Policy<\/strong><\/p>\n<p><strong>Informativa ai sensi dell&#8217;art. 13 del Codice della Privacy<\/strong><\/p>\n<p><strong>Ai sensi dell&#8217;articolo 13 del codice della D.Lgs. 196\/2003, vi rendiamo le seguenti informazioni.<\/strong><\/p>\n<p>Noi di www.riparazionicellulari.it e www.siriparo.it riteniamo che la privacy dei nostri visitatori sia estremamente importante. Questo documento descrive dettagliatamente i tipi di informazioni personali raccolti e registrati dal nostro sito e come essi vengano utilizzati.<\/p>\n<p><strong>File di Registrazione (Log Files)<\/strong><\/p>\n<p>Come molti altri siti web, il nostro utilizza file di log. Questi file registrano semplicemente i visitatori del sito &#8211; di solito una procedura standard delle aziende di hosting e dei servizi di analisi degli hosting.<\/p>\n<p>Le informazioni contenute nei file di registro comprendono indirizzi di protocollo Internet (IP), il tipo di browser, Internet Service Provider (ISP), informazioni come data e ora, pagine referral, pagine d&#8217;uscita ed entrata o il numero di clic.<\/p>\n<p>Queste informazioni vengono utilizzate per analizzare le tendenze, amministrare il sito, monitorare il movimento degli utenti sul sito e raccogliere informazioni demografiche. Gli indirizzi IP e le altre informazioni non sono collegate a informazioni personali che possono essere identificate, dunque <strong>tutti i dati sono raccolti in forma assolutamente anonima.<\/strong><\/p>\n<p><strong>Questo sito web utilizza i Cookies<\/strong><\/p>\n<p>I cookies sono piccoli file di testo che vengono automaticamente posizionati sul PC del navigatore all\u2019interno del browser. Essi contengono informazioni di base sulla navigazione in Internet e grazie al browser vengono riconosciuti ogni volta che l\u2019utente visita il sito.<\/p>\n<p><strong>Cookie Policy<\/strong><\/p>\n<p>Questo sito utilizza cookies, anche di terze parti, per migliorarne l\u2019esperienza di navigazione, consentire a chi naviga di usufruire di eventuali servizi online e monitorare la navigazione nel sito.<\/p>\n<p><strong>Come disabilitare i Cookies<\/strong><\/p>\n<p>E\u2019 possibile disabilitare i cookies direttamente dal browser utilizzato, accedendo alle impostazioni (preferenze oppure opzioni): questa scelta potrebbe limitare alcune funzionalit\u00e0 di navigazione del sito.<\/p>\n<p><strong>Gestione dei Cookies<\/strong><\/p>\n<p>I cookies utilizzati in questo sito possono rientrare nelle categorie descritte di seguito.<\/p>\n<ul>\n<li><strong>Attivit\u00e0 strettamente necessarie al funzionamento<\/strong><br \/>\nQuesti cookies hanno natura tecnica e permettono al sito di funzionare correttamente. Ad esempio, mantengono l\u2019utente collegato durante la navigazione evitando che il sito richieda di collegarsi pi\u00f9 volte per accedere alle pagine successive.<\/li>\n<li><strong>Attivit\u00e0 di salvataggio delle preferenze<\/strong><br \/>\nQuesti cookie permettono di ricordare le preferenze selezionate dall\u2019utente durante la navigazione, ad esempio, consentono di impostare la lingua.<\/li>\n<li><strong>Attivit\u00e0 Statistiche e di Misurazione dell\u2019audience (es: Google Analytics)<\/strong><br \/>\nQuesti cookie ci aiutano a capire, attraverso dati raccolti in forma anonima e aggregata, come gli utenti interagiscono con i siti internet fornendo informazioni relative alle sezioni visitate, il tempo trascorso sul sito, eventuali malfunzionamenti. Questo aiuta a migliorare la resa dei siti internet.<\/li>\n<li><strong>Cookie di social media (es: Facebook)<\/strong><br \/>\nQuesti cookie di terza parte vengono utilizzati per integrare alcune diffuse funzionalit\u00e0 dei principali social media e fornirle all\u2019interno del sito. In particolare permettono la registrazione e l\u2019autenticazione sul sito tramite facebook e google connect, la condivisione e i commenti di pagine del sito sui social, abilitano le funzionalit\u00e0 del \u201cmi piace\u201d su Facebook e del \u201c+1\u2033 su G+.<\/li>\n<\/ul>\n<p><strong>Fornitori di terze parti<\/strong><\/p>\n<p>I fornitori di terze parti, tra cui Google, utilizzano cookie per pubblicare annunci in base alle precedenti visite di un utente su questo sito.<\/p>\n<p>L&#8217;utilizzo dei cookie per la pubblicit\u00e0 consente a Google e ai suoi partner di pubblicare annunci per gli utenti di questo sito (e su altri siti) in base ai dati statistici raccolti su questo sito e sui siti web dei partner Google.<\/p>\n<p>Gli utenti possono scegliere di disattivare la pubblicit\u00e0 personalizzata, visitando la pagina <a href=\"https:\/\/www.google.com\/settings\/ads\">Impostazioni annunci<\/a>.<\/p>\n<p>Visitando la pagina www.aboutads.info potrai disattivare i cookies dei fornitori di terze parti.<\/p>\n<p><strong>Finalit\u00e0 del trattamento<\/strong><\/p>\n<p>I dati possono essere raccolti per una o pi\u00f9 delle seguenti finalit\u00e0:<\/p>\n<ul>\n<li>fornire l&#8217;accesso ad aree riservate del Portale e di Portali\/siti collegati con il presente e all&#8217;invio di comunicazioni anche di carattere commerciale, notizie, aggiornamenti sulle iniziative di questo sito e delle societ\u00e0 da essa controllate e\/o collegate e\/o Sponsor.<\/li>\n<li>eventuale cessione a terzi dei suddetti dati, sempre finalizzata alla realizzazione di campagne di email marketing ed all&#8217;invio di comunicazioni di carattere commerciale.<\/li>\n<li>eseguire gli obblighi previsti da leggi o regolamenti;<\/li>\n<li>gestione contatti;<\/li>\n<\/ul>\n<p><strong>Modalit\u00e0 del trattamento<\/strong><\/p>\n<p>I dati verranno trattati con le seguenti modalit\u00e0:<\/p>\n<ul>\n<li>raccolta dati con modalit\u00e0 single-opt, in apposito database;<\/li>\n<li>registrazione ed elaborazione su supporto cartaceo e\/o magnetico;<\/li>\n<li>organizzazione degli archivi in forma prevalentemente automatizzata, ai sensi del Disciplinare Tecnico in materia di misure minime di sicurezza, Allegato B del Codice della Privacy.<\/li>\n<\/ul>\n<p><strong>Natura obbligatoria<\/strong><\/p>\n<p>Tutti i dati richiesti sono obbligatori.<\/p>\n<p><strong>Diritti dell&#8217;interessato<\/strong><\/p>\n<p>Ai sensi ai sensi dell&#8217;art. 7 (Diritto di accesso ai dati personali ed altri diritti) del Codice della Privacy, vi segnaliamo che i vostri diritti in ordine al trattamento dei dati sono:<\/p>\n<ul>\n<li>conoscere, mediante accesso gratuito l&#8217;esistenza di trattamenti di dati che possano riguardarvi;<\/li>\n<li>essere informati sulla natura e sulle finalit\u00e0 del trattamento<\/li>\n<li>ottenere a cura del titolare, senza ritardo:<\/li>\n<li style=\"list-style-type: none;\">\n<ul>\n<li>la conferma dell&#8217;esistenza o meno di dati personali che vi riguardano, anche se non ancora registrati, e la comunicazione in forma intellegibile dei medesimi dati e della loro origine, nonch\u00e9 della logica e delle finalit\u00e0 su cui si basa il trattamento; la richiesta pu\u00f2 essere rinnovata, salva l&#8217;esistenza di giustificati motivi, con intervallo non minore di novanta giorni;<\/li>\n<li>la cancellazione, la trasformazione in forma anonima o il blocco dei dati trattati in violazione di legge, compresi quelli di cui non \u00e8 necessaria la conservazione in relazione agli scopi per i quali i dati sono stati raccolti o successivamente trattati;<\/li>\n<li>l&#8217;aggiornamento, la rettifica ovvero, qualora vi abbia interesse, l&#8217;integrazione dei dati esistenti;<\/li>\n<li>opporvi in tutto o in parte per motivi legittimi al trattamento dei dati personali che vi riguardano ancorch\u00e9 pertinenti allo scopo della raccolta;<\/li>\n<\/ul>\n<\/li>\n<\/ul>\n<p>Vi segnaliamo che il titolare del trattamento ad ogni effetto di legge \u00e8:<\/p>\n<ul>\n<li>Valerio Pagliai<\/li>\n<li>Via Giuseppe Garibaldi 115<\/li>\n<li>57122 &#8211; livorno (li)<\/li>\n<li>Tel\/Fax: 0586 972888<\/li>\n<li>E-mail: info@siriparo.it<\/li>\n<\/ul>\n<p>Per esercitare i diritti previsti all&#8217;art. 7 del Codice della Privacy ovvero per la cancellazione dei vostri dati dall&#8217;archivio, \u00e8 sufficiente contattarci attraverso uno dei canali messi a disposizione.<\/p>\n<p>Tutti i dati sono protetti attraverso l&#8217;uso di antivirus, firewall e protezione attraverso password.<\/p>\n<p><strong>Informazioni per i bambini<\/strong><\/p>\n<p>Riteniamo importante assicurare una protezione aggiunta ai bambini online. Noi incoraggiamo i genitori e i tutori a trascorrere del tempo online con i loro figli per osservare, partecipare e\/o monitorare e guidare la loro attivit\u00e0 online. Noi non raccogliamo dati personali di minori. Se un genitore o un tutore crede che il nostro sito abbia nel suo database le informazioni personali di un bambino, vi preghiamo di contattarci immediatamente (utilizzando la mail fornita) e faremo di tutto per rimuovere tali informazioni il pi\u00f9 presto possibile.<\/p>\n<p>Questa politica sulla privacy si applica solo alle nostre attivit\u00e0 online ed \u00e8 valida per i visitatori del nostro sito web e per quanto riguarda le informazioni condivise e\/o raccolte. Questa politica non si applica a qualsiasi informazione raccolta in modalit\u00e0 offline o tramite canali diversi da questo sito web.<\/p>\n<p><strong>Consenso<\/strong><\/p>\n<p>Usando il nostro sito web, acconsenti alla nostra politica sulla privacy e accetti i suoi termini. Se desideri ulteriori informazioni o hai domande sulla nostra politica sulla privacy non esitare a contattarci.<\/p>\n","protected":false},"excerpt":{"rendered":"<p>Privacy Policy Informativa ai sensi dell&#8217;art. 13 del Codice della Privacy Ai sensi dell&#8217;articolo 13 del codice della D.Lgs. 196\/2003, vi rendiamo le seguenti informazioni. Noi di www.riparazionicellulari.it e www.siriparo.it riteniamo che la privacy dei nostri visitatori sia estremamente importante. Questo documento descrive dettagliatamente i tipi di informazioni personali raccolti e registrati dal nostro sito [&hellip;]<\/p>\n","protected":false},"author":1,"featured_media":0,"parent":0,"menu_order":0,"comment_status":"closed","ping_status":"closed","template":"","meta":{"_acf_changed":false,"footnotes":""},"class_list":["post-1093","page","type-page","status-publish","hentry"],"acf":[],"yoast_head":"<!-- This site is optimized with the Yoast SEO plugin v27.6 - https:\/\/yoast.com\/product\/yoast-seo-wordpress\/ -->\n<title>Privacy Policy - SiRiparo - Riparazione IPhone Cellulari Smartphone Livorno<\/title>\n<meta name=\"robots\" content=\"index, follow, max-snippet:-1, max-image-preview:large, max-video-preview:-1\" \/>\n<link rel=\"canonical\" href=\"https:\/\/www.riparazionicellulari.it\/index.php\/privacy-policy\/\" \/>\n<meta property=\"og:locale\" content=\"it_IT\" \/>\n<meta property=\"og:type\" content=\"article\" \/>\n<meta property=\"og:title\" content=\"Privacy Policy - SiRiparo - Riparazione IPhone Cellulari Smartphone Livorno\" \/>\n<meta property=\"og:description\" content=\"Privacy Policy Informativa ai sensi dell&#8217;art. 13 del Codice della Privacy Ai sensi dell&#8217;articolo 13 del codice della D.Lgs. 196\/2003, vi rendiamo le seguenti informazioni. Noi di www.riparazionicellulari.it e www.siriparo.it riteniamo che la privacy dei nostri visitatori sia estremamente importante. Questo documento descrive dettagliatamente i tipi di informazioni personali raccolti e registrati dal nostro sito [&hellip;]\" \/>\n<meta property=\"og:url\" content=\"https:\/\/www.riparazionicellulari.it\/index.php\/privacy-policy\/\" \/>\n<meta property=\"og:site_name\" content=\"SiRiparo - Riparazione IPhone Cellulari Smartphone Livorno\" \/>\n<meta property=\"article:publisher\" content=\"https:\/\/www.facebook.com\/siriparo\/\" \/>\n<meta property=\"article:modified_time\" content=\"2021-01-04T21:41:58+00:00\" \/>\n<meta name=\"twitter:card\" content=\"summary_large_image\" \/>\n<meta name=\"twitter:label1\" content=\"Tempo di lettura stimato\" \/>\n\t<meta name=\"twitter:data1\" content=\"6 minuti\" \/>\n<script type=\"application\/ld+json\" class=\"yoast-schema-graph\">{\"@context\":\"https:\\\/\\\/schema.org\",\"@graph\":[{\"@type\":\"WebPage\",\"@id\":\"https:\\\/\\\/www.riparazionicellulari.it\\\/index.php\\\/privacy-policy\\\/\",\"url\":\"https:\\\/\\\/www.riparazionicellulari.it\\\/index.php\\\/privacy-policy\\\/\",\"name\":\"Privacy Policy - SiRiparo - Riparazione IPhone Cellulari Smartphone Livorno\",\"isPartOf\":{\"@id\":\"https:\\\/\\\/www.riparazionicellulari.it\\\/#website\"},\"datePublished\":\"2021-01-04T13:52:49+00:00\",\"dateModified\":\"2021-01-04T21:41:58+00:00\",\"breadcrumb\":{\"@id\":\"https:\\\/\\\/www.riparazionicellulari.it\\\/index.php\\\/privacy-policy\\\/#breadcrumb\"},\"inLanguage\":\"it-IT\",\"potentialAction\":[{\"@type\":\"ReadAction\",\"target\":[\"https:\\\/\\\/www.riparazionicellulari.it\\\/index.php\\\/privacy-policy\\\/\"]}]},{\"@type\":\"BreadcrumbList\",\"@id\":\"https:\\\/\\\/www.riparazionicellulari.it\\\/index.php\\\/privacy-policy\\\/#breadcrumb\",\"itemListElement\":[{\"@type\":\"ListItem\",\"position\":1,\"name\":\"Home\",\"item\":\"https:\\\/\\\/www.riparazionicellulari.it\\\/\"},{\"@type\":\"ListItem\",\"position\":2,\"name\":\"Privacy Policy\"}]},{\"@type\":\"WebSite\",\"@id\":\"https:\\\/\\\/www.riparazionicellulari.it\\\/#website\",\"url\":\"https:\\\/\\\/www.riparazionicellulari.it\\\/\",\"name\":\"SiRiparo - Riparazione IPhone Cellulari Smartphone Livorno\",\"description\":\"Centro riparazioni iPhone, iPad, smartphone, cellulari, PC, mac e console. A Livorno.\",\"publisher\":{\"@id\":\"https:\\\/\\\/www.riparazionicellulari.it\\\/#organization\"},\"potentialAction\":[{\"@type\":\"SearchAction\",\"target\":{\"@type\":\"EntryPoint\",\"urlTemplate\":\"https:\\\/\\\/www.riparazionicellulari.it\\\/?s={search_term_string}\"},\"query-input\":{\"@type\":\"PropertyValueSpecification\",\"valueRequired\":true,\"valueName\":\"search_term_string\"}}],\"inLanguage\":\"it-IT\"},{\"@type\":\"Organization\",\"@id\":\"https:\\\/\\\/www.riparazionicellulari.it\\\/#organization\",\"name\":\"SiRiparo - Riparazione Cellulari Livorno\",\"url\":\"https:\\\/\\\/www.riparazionicellulari.it\\\/\",\"logo\":{\"@type\":\"ImageObject\",\"inLanguage\":\"it-IT\",\"@id\":\"https:\\\/\\\/www.riparazionicellulari.it\\\/#\\\/schema\\\/logo\\\/image\\\/\",\"url\":\"https:\\\/\\\/riparazionicellulari.it\\\/wp-content\\\/uploads\\\/2020\\\/05\\\/cropped-SiRiparo-whatsapp.jpg\",\"contentUrl\":\"https:\\\/\\\/riparazionicellulari.it\\\/wp-content\\\/uploads\\\/2020\\\/05\\\/cropped-SiRiparo-whatsapp.jpg\",\"width\":512,\"height\":512,\"caption\":\"SiRiparo - Riparazione Cellulari Livorno\"},\"image\":{\"@id\":\"https:\\\/\\\/www.riparazionicellulari.it\\\/#\\\/schema\\\/logo\\\/image\\\/\"},\"sameAs\":[\"https:\\\/\\\/www.facebook.com\\\/siriparo\\\/\"]}]}<\/script>\n<!-- \/ Yoast SEO plugin. -->","yoast_head_json":{"title":"Privacy Policy - SiRiparo - Riparazione IPhone Cellulari Smartphone Livorno","robots":{"index":"index","follow":"follow","max-snippet":"max-snippet:-1","max-image-preview":"max-image-preview:large","max-video-preview":"max-video-preview:-1"},"canonical":"https:\/\/www.riparazionicellulari.it\/index.php\/privacy-policy\/","og_locale":"it_IT","og_type":"article","og_title":"Privacy Policy - SiRiparo - Riparazione IPhone Cellulari Smartphone Livorno","og_description":"Privacy Policy Informativa ai sensi dell&#8217;art. 13 del Codice della Privacy Ai sensi dell&#8217;articolo 13 del codice della D.Lgs. 196\/2003, vi rendiamo le seguenti informazioni. Noi di www.riparazionicellulari.it e www.siriparo.it riteniamo che la privacy dei nostri visitatori sia estremamente importante. Questo documento descrive dettagliatamente i tipi di informazioni personali raccolti e registrati dal nostro sito [&hellip;]","og_url":"https:\/\/www.riparazionicellulari.it\/index.php\/privacy-policy\/","og_site_name":"SiRiparo - Riparazione IPhone Cellulari Smartphone Livorno","article_publisher":"https:\/\/www.facebook.com\/siriparo\/","article_modified_time":"2021-01-04T21:41:58+00:00","twitter_card":"summary_large_image","twitter_misc":{"Tempo di lettura stimato":"6 minuti"},"schema":{"@context":"https:\/\/schema.org","@graph":[{"@type":"WebPage","@id":"https:\/\/www.riparazionicellulari.it\/index.php\/privacy-policy\/","url":"https:\/\/www.riparazionicellulari.it\/index.php\/privacy-policy\/","name":"Privacy Policy - SiRiparo - Riparazione IPhone Cellulari Smartphone Livorno","isPartOf":{"@id":"https:\/\/www.riparazionicellulari.it\/#website"},"datePublished":"2021-01-04T13:52:49+00:00","dateModified":"2021-01-04T21:41:58+00:00","breadcrumb":{"@id":"https:\/\/www.riparazionicellulari.it\/index.php\/privacy-policy\/#breadcrumb"},"inLanguage":"it-IT","potentialAction":[{"@type":"ReadAction","target":["https:\/\/www.riparazionicellulari.it\/index.php\/privacy-policy\/"]}]},{"@type":"BreadcrumbList","@id":"https:\/\/www.riparazionicellulari.it\/index.php\/privacy-policy\/#breadcrumb","itemListElement":[{"@type":"ListItem","position":1,"name":"Home","item":"https:\/\/www.riparazionicellulari.it\/"},{"@type":"ListItem","position":2,"name":"Privacy Policy"}]},{"@type":"WebSite","@id":"https:\/\/www.riparazionicellulari.it\/#website","url":"https:\/\/www.riparazionicellulari.it\/","name":"SiRiparo - Riparazione IPhone Cellulari Smartphone Livorno","description":"Centro riparazioni iPhone, iPad, smartphone, cellulari, PC, mac e console. A Livorno.","publisher":{"@id":"https:\/\/www.riparazionicellulari.it\/#organization"},"potentialAction":[{"@type":"SearchAction","target":{"@type":"EntryPoint","urlTemplate":"https:\/\/www.riparazionicellulari.it\/?s={search_term_string}"},"query-input":{"@type":"PropertyValueSpecification","valueRequired":true,"valueName":"search_term_string"}}],"inLanguage":"it-IT"},{"@type":"Organization","@id":"https:\/\/www.riparazionicellulari.it\/#organization","name":"SiRiparo - Riparazione Cellulari Livorno","url":"https:\/\/www.riparazionicellulari.it\/","logo":{"@type":"ImageObject","inLanguage":"it-IT","@id":"https:\/\/www.riparazionicellulari.it\/#\/schema\/logo\/image\/","url":"https:\/\/riparazionicellulari.it\/wp-content\/uploads\/2020\/05\/cropped-SiRiparo-whatsapp.jpg","contentUrl":"https:\/\/riparazionicellulari.it\/wp-content\/uploads\/2020\/05\/cropped-SiRiparo-whatsapp.jpg","width":512,"height":512,"caption":"SiRiparo - Riparazione Cellulari Livorno"},"image":{"@id":"https:\/\/www.riparazionicellulari.it\/#\/schema\/logo\/image\/"},"sameAs":["https:\/\/www.facebook.com\/siriparo\/"]}]}},"_links":{"self":[{"href":"https:\/\/www.riparazionicellulari.it\/index.php\/wp-json\/wp\/v2\/pages\/1093","targetHints":{"allow":["GET"]}}],"collection":[{"href":"https:\/\/www.riparazionicellulari.it\/index.php\/wp-json\/wp\/v2\/pages"}],"about":[{"href":"https:\/\/www.riparazionicellulari.it\/index.php\/wp-json\/wp\/v2\/types\/page"}],"author":[{"embeddable":true,"href":"https:\/\/www.riparazionicellulari.it\/index.php\/wp-json\/wp\/v2\/users\/1"}],"replies":[{"embeddable":true,"href":"https:\/\/www.riparazionicellulari.it\/index.php\/wp-json\/wp\/v2\/comments?post=1093"}],"version-history":[{"count":4,"href":"https:\/\/www.riparazionicellulari.it\/index.php\/wp-json\/wp\/v2\/pages\/1093\/revisions"}],"predecessor-version":[{"id":1104,"href":"https:\/\/www.riparazionicellulari.it\/index.php\/wp-json\/wp\/v2\/pages\/1093\/revisions\/1104"}],"wp:attachment":[{"href":"https:\/\/www.riparazionicellulari.it\/index.php\/wp-json\/wp\/v2\/media?parent=1093"}],"curies":[{"name":"wp","href":"https:\/\/api.w.org\/{rel}","templated":true}]}}