{"id":298,"date":"2017-05-16T02:39:53","date_gmt":"2017-05-16T02:39:53","guid":{"rendered":"http:\/\/riparazionicellulari.it\/?page_id=298"},"modified":"2021-04-14T23:31:16","modified_gmt":"2021-04-14T21:31:16","slug":"faqs","status":"publish","type":"page","link":"https:\/\/www.riparazionicellulari.it\/index.php\/faqs\/","title":{"rendered":"FAQs"},"content":{"rendered":"<p>[vc_row][vc_column width=&#8221;1\/6&#8243;][\/vc_column][vc_column width=&#8221;2\/3&#8243;][vc_column_text]<\/p>\n<h6 class=\"divider center\"><span style=\"color: #f5421c;\">Domande Pi\u00f9 Frequenti<br \/>\n<\/span><\/h6>\n<h2 class=\"no-margin-top\" style=\"text-align: center;\">Di seguito vi proponiamo un&#8217;elenco delle domande pi\u00f9 frequenti riguardo alle riparazioni.<\/h2>\n<p>[\/vc_column_text][vc_empty_space height=&#8221;20px&#8221;][\/vc_column][vc_column width=&#8221;1\/6&#8243;][\/vc_column][\/vc_row][vc_row gap=&#8221;35&#8243;][vc_column width=&#8221;1\/2&#8243;][vc_column_text css=&#8221;.vc_custom_1592426463601{margin-bottom: 30px !important;}&#8221;]<\/p>\n<h3><span style=\"color: #f5421c;\">Domande Generiche<br \/>\n<\/span><\/h3>\n<p>[\/vc_column_text][vc_toggle title=&#8221;Quali tipologie di smartphone riparate?&#8221;]<span class=\"tlid-translation translation\" lang=\"it\"><span class=\"\" title=\"\">Ripariamo tutti gli smartphone disponibili sul mercato, inclusi gli smartphone Apple, Samsung, Huawei, Xiaomi, Oppo, Motorola, Blackberry e Nokia.<br \/>\n<\/span><\/span>[\/vc_toggle][vc_toggle title=&#8221;Ho provato a riparare il mio smartphone da solo, posso ancora portarlo per la riparazione o la diagnostica?&#8221;]<span class=\"tlid-translation translation\" lang=\"it\"><span class=\"\" title=\"\">S\u00ec, nessun problema, vieni in negozio a portare il tuo dispositivo o spediscilo tramite posta o corriere.<br \/>\n<\/span><\/span>[\/vc_toggle][vc_toggle title=&#8221;Il mio smartphone ha molti problemi \u00e8 possibile ripararlo ugualmente?&#8221;]<span class=\"tlid-translation translation\" lang=\"it\"><span class=\"\" title=\"\">S\u00ec,\u00a0 descrivici dettagliatemente il problema e vedremo cosa possiamo fare per te.<\/span><\/span>[\/vc_toggle][\/vc_column][vc_column width=&#8221;1\/2&#8243;][vc_column_text css=&#8221;.vc_custom_1592427287957{margin-bottom: 30px !important;}&#8221;]<\/p>\n<h3><span style=\"color: #f5421c;\">Domande Sulla Spedizione Delle Riparazioni<br \/>\n<\/span><\/h3>\n<p>[\/vc_column_text][vc_toggle title=&#8221;Posso spedire qualsiasi dispositivo per la riparazione?&#8221;]<span class=\"tlid-translation translation\" lang=\"it\"><span class=\"\" title=\"\">Puoi spedire tutti i prodotti di tutte le categorie che ripariamo.<\/span> <span class=\"\" title=\"\">Se hai domande o il tuo dispositivo non \u00e8 sul sito, ti preghiamo di chiamare e i nostri tecnici ti aiuteranno.<\/span><\/span>[\/vc_toggle][vc_toggle title=&#8221;Cosa devo spedire insieme al dispositivo?&#8221;]<span class=\"tlid-translation translation\" lang=\"it\"><span class=\"\" title=\"\">Abbiamo solo bisogno del tuo dispositivo, non includere accessori, in quanto ci\u00f2 aumenter\u00e0 solo i costi di spedizione.<\/span> <span class=\"\" title=\"\">Qualsiasi altra informazione di cui abbiamo bisogno sar\u00e0 contenuta nel nel modulo di riparazione inserito nel pacco.<br \/>\n<\/span><\/span>[\/vc_toggle][vc_toggle title=&#8221;Devo comunicarvi i miei codici per sbloccare il terminale?&#8221;]E&#8217; importante che noi possiamo accedere a tutte le funzioni del terminale per poterne testare il corretto funzionamento, quindi \u00e8 necessario che ci forniate tutti i codici di sblocco o in alternativa prima di spedirlo, disabilitiate ogni blocco.[\/vc_toggle][vc_toggle title=&#8221;Avete bisogno della mia Sim?&#8221;]Non ci serve la sim per effettuare la riparazione. Potrebbe rendersi necessaria solo nei casi in cui sia necessario effettuare la configurazione di alcune applicazioni che ne richiedono la presenza.[\/vc_toggle][\/vc_column][\/vc_row][vc_row gap=&#8221;35&#8243;][vc_column width=&#8221;1\/2&#8243;][vc_column_text css=&#8221;.vc_custom_1592428897390{margin-bottom: 30px !important;}&#8221;]<\/p>\n<h3><span style=\"color: #f5421c;\">Danni Da Liquidi<br \/>\n<\/span><\/h3>\n<p>[\/vc_column_text][vc_toggle title=&#8221;Cosa devo fare se il mio dispositivo cade in acqua o in un altro liquido?&#8221;]<span class=\"tlid-translation translation\" lang=\"it\"><span class=\"\" title=\"\">Non provare ad accendere il dispositivo. Non collegarlo al caricabatterie. Se possibile togli subito la batteria.<\/span> <span class=\"\" title=\"\">Cerca di portarcelo immediatamente oppure entro il giorno successivo, poich\u00e9 avremo maggiori possibilit\u00e0 di ripararlo.<\/span> <span class=\"\" title=\"\">Se non riesci a portarlo, puoi spedirlo.<br \/>\n<\/span><\/span>[\/vc_toggle][vc_toggle title=&#8221;Il mio dispositivo \u00e8 stato danneggiato dall&#8217;acqua e ora tutto sembra funzionare correttamente, tranne per una funzione, ho ancora bisogno del servizio di trattamento anti ossido?&#8221;]Soltando dopo una verifica interna del circuito \u00e8 possibile capire i danni effettivamente subiti a causa del liquido e quindi capire quale sia il trattamento pi\u00f9 appropriato.[\/vc_toggle][vc_toggle title=&#8221;Quanto tempo \u00e8 necessario per la riparazione dei danni dovuti dall&#8217;acqua?&#8221;]<span class=\"tlid-translation translation\" lang=\"it\"><br \/>\n<span class=\"\" title=\"\">Il completamento delle riparazioni dei danni causati dall&#8217;acqua richiede tra le 24 e le 72 ore lavorative a seconda del livello del danno.<\/span> <span class=\"\" title=\"\">Questa stima pu\u00f2 tuttavia variare, a seconda dell&#8217;entit\u00e0 di compromissione della scheda logica e degli altri componenti.<\/span><\/span>[\/vc_toggle][\/vc_column][vc_column width=&#8221;1\/2&#8243;][vc_column_text css=&#8221;.vc_custom_1592430231870{margin-bottom: 30px !important;}&#8221;]<\/p>\n<h3><span style=\"color: #f5421c;\">Sostituzione Display &amp; Vetri<br \/>\n<\/span><\/h3>\n<p>[\/vc_column_text][vc_toggle title=&#8221;Dopo la caduta del telefono, il touch screen non risponde pi\u00f9 correttamente, \u00e8 possibile ripararlo?&#8221;]Si, qualsiasi malfunzionamento del touch screen sara risolto con la sostituzione del display completo o del solo vetro, se l&#8217;uno o l&#8217;altro dipende dalla tipologia di schermo del terminale da riparare.[\/vc_toggle][vc_toggle title=&#8221;Come faccio a sapere se ho bisogno dello schermo o no?&#8221;]<span class=\"tlid-translation translation\" lang=\"it\"><span class=\"\" title=\"\">Se lo schermo del telefono \u00e8 crepato, tutto bianco, tutto nero o presenta pixel morti,quasi sicuramente sar\u00e0 necessario sostiruire lo schermo poich\u00e9 ha subito danni irreversibili.<\/span> <span title=\"\">Non sei ancora sicuro?<\/span> <span class=\"\" title=\"\">Invia una foto delle condizioni attuali del telefono mentre \u00e8 acceso a info@siriparo.it e faremo del nostro meglio per diagnosticare il difetto.<br \/>\n<\/span><\/span>[\/vc_toggle][vc_toggle title=&#8221;Il vetro del mio iPhone \u00e8 completamente in frantumi e si scheggia, la sostituzione del vetro \u00e8 ci\u00f2 che mi serve?&#8221;]In realt\u00e0 sull&#8217;iphone non si sostituisce il solo vetro, si sostituisce lo schermo completo. Avere uno schermo completamente nuovo da la certezza di poter usufruire delle solite prestazioni che si avevano prima della rottura del vetro.[\/vc_toggle][\/vc_column][\/vc_row][vc_row full_width=&#8221;stretch_row&#8221; css=&#8221;.vc_custom_1495081489809{margin-top: 50px !important;border-top-width: 1px !important;padding-top: 80px !important;border-top-color: rgba(0,0,0,0.1) !important;border-top-style: solid !important;}&#8221;][vc_column][vc_raw_html]JTNDZGl2JTIwY2xhc3MlM0QlMjJjdGElMjIlM0UlMEElM0NoNCUzRVNlJTIwbm9uJTIwdHJvdmklMjBsYSUyMHJpc3Bvc3RhJTIwY2hlJTIwc3RhaSUyMGNlcmNhbmRvJTJDJTIwbm9uJTIwZXNpdGFyZSUyMGElMjBjbGljY2FyZSUyMHF1aSUzQyUyRmg0JTNFJTBBJTNDaSUyMGNsYXNzJTNEJTIyZmElMjBmYS1sb25nLWFycm93LXJpZ2h0JTIwZmEtMnglMjIlM0UlM0MlMkZpJTNFJTBBJTNDYSUyMGhyZWYlM0QlMjJodHRwJTNBJTJGJTJGcmlwYXJhemlvbmljZWxsdWxhcmkuaXQlMkZpbmRleC5waHAlMkZjb250YXR0aSUyRiUyMiUyMGNsYXNzJTNEJTIyYnV0dG9uJTIwbGFyZ2UlMjIlM0VDb250YXR0aSUzQyUyRmElM0UlMEElM0MlMkZkaXYlM0U=[\/vc_raw_html][\/vc_column][\/vc_row]<\/p>\n","protected":false},"excerpt":{"rendered":"<p>[vc_row][vc_column width=&#8221;1\/6&#8243;][\/vc_column][vc_column width=&#8221;2\/3&#8243;][vc_column_text] Domande Pi\u00f9 Frequenti Di seguito vi proponiamo un&#8217;elenco delle domande pi\u00f9 frequenti riguardo alle riparazioni. [\/vc_column_text][vc_empty_space height=&#8221;20px&#8221;][\/vc_column][vc_column width=&#8221;1\/6&#8243;][\/vc_column][\/vc_row][vc_row gap=&#8221;35&#8243;][vc_column width=&#8221;1\/2&#8243;][vc_column_text css=&#8221;.vc_custom_1592426463601{margin-bottom: 30px !important;}&#8221;] Domande Generiche [\/vc_column_text][vc_toggle title=&#8221;Quali tipologie di smartphone riparate?&#8221;]Ripariamo tutti gli smartphone disponibili sul mercato, inclusi gli smartphone Apple, Samsung, Huawei, Xiaomi, Oppo, Motorola, Blackberry e Nokia. [\/vc_toggle][vc_toggle title=&#8221;Ho provato [&hellip;]<\/p>\n","protected":false},"author":1,"featured_media":173,"parent":0,"menu_order":0,"comment_status":"closed","ping_status":"closed","template":"","meta":{"_acf_changed":false,"footnotes":""},"class_list":["post-298","page","type-page","status-publish","has-post-thumbnail","hentry"],"acf":[],"yoast_head":"<!-- This site is optimized with the Yoast SEO plugin v27.5 - https:\/\/yoast.com\/product\/yoast-seo-wordpress\/ -->\n<title>FAQs - SiRiparo - Riparazione IPhone Cellulari Smartphone Livorno<\/title>\n<meta name=\"robots\" content=\"index, follow, max-snippet:-1, max-image-preview:large, max-video-preview:-1\" \/>\n<link rel=\"canonical\" href=\"https:\/\/www.riparazionicellulari.it\/index.php\/faqs\/\" \/>\n<meta property=\"og:locale\" content=\"it_IT\" \/>\n<meta property=\"og:type\" content=\"article\" \/>\n<meta property=\"og:title\" content=\"FAQs - SiRiparo - Riparazione IPhone Cellulari Smartphone Livorno\" \/>\n<meta property=\"og:description\" content=\"[vc_row][vc_column width=&#8221;1\/6&#8243;][\/vc_column][vc_column width=&#8221;2\/3&#8243;][vc_column_text] Domande Pi\u00f9 Frequenti Di seguito vi proponiamo un&#8217;elenco delle domande pi\u00f9 frequenti riguardo alle riparazioni. [\/vc_column_text][vc_empty_space height=&#8221;20px&#8221;][\/vc_column][vc_column width=&#8221;1\/6&#8243;][\/vc_column][\/vc_row][vc_row gap=&#8221;35&#8243;][vc_column width=&#8221;1\/2&#8243;][vc_column_text css=&#8221;.vc_custom_1592426463601{margin-bottom: 30px !important;}&#8221;] Domande Generiche [\/vc_column_text][vc_toggle title=&#8221;Quali tipologie di smartphone riparate?&#8221;]Ripariamo tutti gli smartphone disponibili sul mercato, inclusi gli smartphone Apple, Samsung, Huawei, Xiaomi, Oppo, Motorola, Blackberry e Nokia. [\/vc_toggle][vc_toggle title=&#8221;Ho provato [&hellip;]\" \/>\n<meta property=\"og:url\" content=\"https:\/\/www.riparazionicellulari.it\/index.php\/faqs\/\" \/>\n<meta property=\"og:site_name\" content=\"SiRiparo - Riparazione IPhone Cellulari Smartphone Livorno\" \/>\n<meta property=\"article:publisher\" content=\"https:\/\/www.facebook.com\/siriparo\/\" \/>\n<meta property=\"article:modified_time\" content=\"2021-04-14T21:31:16+00:00\" \/>\n<meta property=\"og:image\" content=\"https:\/\/www.riparazionicellulari.it\/wp-content\/uploads\/2017\/05\/slider3.jpg\" \/>\n\t<meta property=\"og:image:width\" content=\"1680\" \/>\n\t<meta property=\"og:image:height\" content=\"708\" \/>\n\t<meta property=\"og:image:type\" content=\"image\/jpeg\" \/>\n<meta name=\"twitter:card\" content=\"summary_large_image\" \/>\n<meta name=\"twitter:label1\" content=\"Tempo di lettura stimato\" \/>\n\t<meta name=\"twitter:data1\" content=\"3 minuti\" \/>\n<script type=\"application\/ld+json\" class=\"yoast-schema-graph\">{\"@context\":\"https:\\\/\\\/schema.org\",\"@graph\":[{\"@type\":\"WebPage\",\"@id\":\"https:\\\/\\\/www.riparazionicellulari.it\\\/index.php\\\/faqs\\\/\",\"url\":\"https:\\\/\\\/www.riparazionicellulari.it\\\/index.php\\\/faqs\\\/\",\"name\":\"FAQs - SiRiparo - Riparazione IPhone Cellulari Smartphone Livorno\",\"isPartOf\":{\"@id\":\"https:\\\/\\\/www.riparazionicellulari.it\\\/#website\"},\"primaryImageOfPage\":{\"@id\":\"https:\\\/\\\/www.riparazionicellulari.it\\\/index.php\\\/faqs\\\/#primaryimage\"},\"image\":{\"@id\":\"https:\\\/\\\/www.riparazionicellulari.it\\\/index.php\\\/faqs\\\/#primaryimage\"},\"thumbnailUrl\":\"https:\\\/\\\/i0.wp.com\\\/www.riparazionicellulari.it\\\/wp-content\\\/uploads\\\/2017\\\/05\\\/slider3.jpg?fit=1680%2C708&quality=20&ssl=1\",\"datePublished\":\"2017-05-16T02:39:53+00:00\",\"dateModified\":\"2021-04-14T21:31:16+00:00\",\"breadcrumb\":{\"@id\":\"https:\\\/\\\/www.riparazionicellulari.it\\\/index.php\\\/faqs\\\/#breadcrumb\"},\"inLanguage\":\"it-IT\",\"potentialAction\":[{\"@type\":\"ReadAction\",\"target\":[\"https:\\\/\\\/www.riparazionicellulari.it\\\/index.php\\\/faqs\\\/\"]}]},{\"@type\":\"ImageObject\",\"inLanguage\":\"it-IT\",\"@id\":\"https:\\\/\\\/www.riparazionicellulari.it\\\/index.php\\\/faqs\\\/#primaryimage\",\"url\":\"https:\\\/\\\/i0.wp.com\\\/www.riparazionicellulari.it\\\/wp-content\\\/uploads\\\/2017\\\/05\\\/slider3.jpg?fit=1680%2C708&quality=20&ssl=1\",\"contentUrl\":\"https:\\\/\\\/i0.wp.com\\\/www.riparazionicellulari.it\\\/wp-content\\\/uploads\\\/2017\\\/05\\\/slider3.jpg?fit=1680%2C708&quality=20&ssl=1\",\"width\":1680,\"height\":708},{\"@type\":\"BreadcrumbList\",\"@id\":\"https:\\\/\\\/www.riparazionicellulari.it\\\/index.php\\\/faqs\\\/#breadcrumb\",\"itemListElement\":[{\"@type\":\"ListItem\",\"position\":1,\"name\":\"Home\",\"item\":\"https:\\\/\\\/www.riparazionicellulari.it\\\/\"},{\"@type\":\"ListItem\",\"position\":2,\"name\":\"FAQs\"}]},{\"@type\":\"WebSite\",\"@id\":\"https:\\\/\\\/www.riparazionicellulari.it\\\/#website\",\"url\":\"https:\\\/\\\/www.riparazionicellulari.it\\\/\",\"name\":\"SiRiparo - Riparazione IPhone Cellulari Smartphone Livorno\",\"description\":\"Centro riparazioni iPhone, iPad, smartphone, cellulari, PC, mac e console. A Livorno.\",\"publisher\":{\"@id\":\"https:\\\/\\\/www.riparazionicellulari.it\\\/#organization\"},\"potentialAction\":[{\"@type\":\"SearchAction\",\"target\":{\"@type\":\"EntryPoint\",\"urlTemplate\":\"https:\\\/\\\/www.riparazionicellulari.it\\\/?s={search_term_string}\"},\"query-input\":{\"@type\":\"PropertyValueSpecification\",\"valueRequired\":true,\"valueName\":\"search_term_string\"}}],\"inLanguage\":\"it-IT\"},{\"@type\":\"Organization\",\"@id\":\"https:\\\/\\\/www.riparazionicellulari.it\\\/#organization\",\"name\":\"SiRiparo - Riparazione Cellulari Livorno\",\"url\":\"https:\\\/\\\/www.riparazionicellulari.it\\\/\",\"logo\":{\"@type\":\"ImageObject\",\"inLanguage\":\"it-IT\",\"@id\":\"https:\\\/\\\/www.riparazionicellulari.it\\\/#\\\/schema\\\/logo\\\/image\\\/\",\"url\":\"https:\\\/\\\/riparazionicellulari.it\\\/wp-content\\\/uploads\\\/2020\\\/05\\\/cropped-SiRiparo-whatsapp.jpg\",\"contentUrl\":\"https:\\\/\\\/riparazionicellulari.it\\\/wp-content\\\/uploads\\\/2020\\\/05\\\/cropped-SiRiparo-whatsapp.jpg\",\"width\":512,\"height\":512,\"caption\":\"SiRiparo - Riparazione Cellulari Livorno\"},\"image\":{\"@id\":\"https:\\\/\\\/www.riparazionicellulari.it\\\/#\\\/schema\\\/logo\\\/image\\\/\"},\"sameAs\":[\"https:\\\/\\\/www.facebook.com\\\/siriparo\\\/\"]}]}<\/script>\n<!-- \/ Yoast SEO plugin. -->","yoast_head_json":{"title":"FAQs - SiRiparo - Riparazione IPhone Cellulari Smartphone Livorno","robots":{"index":"index","follow":"follow","max-snippet":"max-snippet:-1","max-image-preview":"max-image-preview:large","max-video-preview":"max-video-preview:-1"},"canonical":"https:\/\/www.riparazionicellulari.it\/index.php\/faqs\/","og_locale":"it_IT","og_type":"article","og_title":"FAQs - SiRiparo - Riparazione IPhone Cellulari Smartphone Livorno","og_description":"[vc_row][vc_column width=&#8221;1\/6&#8243;][\/vc_column][vc_column width=&#8221;2\/3&#8243;][vc_column_text] Domande Pi\u00f9 Frequenti Di seguito vi proponiamo un&#8217;elenco delle domande pi\u00f9 frequenti riguardo alle riparazioni. [\/vc_column_text][vc_empty_space height=&#8221;20px&#8221;][\/vc_column][vc_column width=&#8221;1\/6&#8243;][\/vc_column][\/vc_row][vc_row gap=&#8221;35&#8243;][vc_column width=&#8221;1\/2&#8243;][vc_column_text css=&#8221;.vc_custom_1592426463601{margin-bottom: 30px !important;}&#8221;] Domande Generiche [\/vc_column_text][vc_toggle title=&#8221;Quali tipologie di smartphone riparate?&#8221;]Ripariamo tutti gli smartphone disponibili sul mercato, inclusi gli smartphone Apple, Samsung, Huawei, Xiaomi, Oppo, Motorola, Blackberry e Nokia. [\/vc_toggle][vc_toggle title=&#8221;Ho provato [&hellip;]","og_url":"https:\/\/www.riparazionicellulari.it\/index.php\/faqs\/","og_site_name":"SiRiparo - Riparazione IPhone Cellulari Smartphone Livorno","article_publisher":"https:\/\/www.facebook.com\/siriparo\/","article_modified_time":"2021-04-14T21:31:16+00:00","og_image":[{"width":1680,"height":708,"url":"https:\/\/www.riparazionicellulari.it\/wp-content\/uploads\/2017\/05\/slider3.jpg","type":"image\/jpeg"}],"twitter_card":"summary_large_image","twitter_misc":{"Tempo di lettura stimato":"3 minuti"},"schema":{"@context":"https:\/\/schema.org","@graph":[{"@type":"WebPage","@id":"https:\/\/www.riparazionicellulari.it\/index.php\/faqs\/","url":"https:\/\/www.riparazionicellulari.it\/index.php\/faqs\/","name":"FAQs - SiRiparo - Riparazione IPhone Cellulari Smartphone Livorno","isPartOf":{"@id":"https:\/\/www.riparazionicellulari.it\/#website"},"primaryImageOfPage":{"@id":"https:\/\/www.riparazionicellulari.it\/index.php\/faqs\/#primaryimage"},"image":{"@id":"https:\/\/www.riparazionicellulari.it\/index.php\/faqs\/#primaryimage"},"thumbnailUrl":"https:\/\/i0.wp.com\/www.riparazionicellulari.it\/wp-content\/uploads\/2017\/05\/slider3.jpg?fit=1680%2C708&quality=20&ssl=1","datePublished":"2017-05-16T02:39:53+00:00","dateModified":"2021-04-14T21:31:16+00:00","breadcrumb":{"@id":"https:\/\/www.riparazionicellulari.it\/index.php\/faqs\/#breadcrumb"},"inLanguage":"it-IT","potentialAction":[{"@type":"ReadAction","target":["https:\/\/www.riparazionicellulari.it\/index.php\/faqs\/"]}]},{"@type":"ImageObject","inLanguage":"it-IT","@id":"https:\/\/www.riparazionicellulari.it\/index.php\/faqs\/#primaryimage","url":"https:\/\/i0.wp.com\/www.riparazionicellulari.it\/wp-content\/uploads\/2017\/05\/slider3.jpg?fit=1680%2C708&quality=20&ssl=1","contentUrl":"https:\/\/i0.wp.com\/www.riparazionicellulari.it\/wp-content\/uploads\/2017\/05\/slider3.jpg?fit=1680%2C708&quality=20&ssl=1","width":1680,"height":708},{"@type":"BreadcrumbList","@id":"https:\/\/www.riparazionicellulari.it\/index.php\/faqs\/#breadcrumb","itemListElement":[{"@type":"ListItem","position":1,"name":"Home","item":"https:\/\/www.riparazionicellulari.it\/"},{"@type":"ListItem","position":2,"name":"FAQs"}]},{"@type":"WebSite","@id":"https:\/\/www.riparazionicellulari.it\/#website","url":"https:\/\/www.riparazionicellulari.it\/","name":"SiRiparo - Riparazione IPhone Cellulari Smartphone Livorno","description":"Centro riparazioni iPhone, iPad, smartphone, cellulari, PC, mac e console. A Livorno.","publisher":{"@id":"https:\/\/www.riparazionicellulari.it\/#organization"},"potentialAction":[{"@type":"SearchAction","target":{"@type":"EntryPoint","urlTemplate":"https:\/\/www.riparazionicellulari.it\/?s={search_term_string}"},"query-input":{"@type":"PropertyValueSpecification","valueRequired":true,"valueName":"search_term_string"}}],"inLanguage":"it-IT"},{"@type":"Organization","@id":"https:\/\/www.riparazionicellulari.it\/#organization","name":"SiRiparo - Riparazione Cellulari Livorno","url":"https:\/\/www.riparazionicellulari.it\/","logo":{"@type":"ImageObject","inLanguage":"it-IT","@id":"https:\/\/www.riparazionicellulari.it\/#\/schema\/logo\/image\/","url":"https:\/\/riparazionicellulari.it\/wp-content\/uploads\/2020\/05\/cropped-SiRiparo-whatsapp.jpg","contentUrl":"https:\/\/riparazionicellulari.it\/wp-content\/uploads\/2020\/05\/cropped-SiRiparo-whatsapp.jpg","width":512,"height":512,"caption":"SiRiparo - Riparazione Cellulari Livorno"},"image":{"@id":"https:\/\/www.riparazionicellulari.it\/#\/schema\/logo\/image\/"},"sameAs":["https:\/\/www.facebook.com\/siriparo\/"]}]}},"_links":{"self":[{"href":"https:\/\/www.riparazionicellulari.it\/index.php\/wp-json\/wp\/v2\/pages\/298","targetHints":{"allow":["GET"]}}],"collection":[{"href":"https:\/\/www.riparazionicellulari.it\/index.php\/wp-json\/wp\/v2\/pages"}],"about":[{"href":"https:\/\/www.riparazionicellulari.it\/index.php\/wp-json\/wp\/v2\/types\/page"}],"author":[{"embeddable":true,"href":"https:\/\/www.riparazionicellulari.it\/index.php\/wp-json\/wp\/v2\/users\/1"}],"replies":[{"embeddable":true,"href":"https:\/\/www.riparazionicellulari.it\/index.php\/wp-json\/wp\/v2\/comments?post=298"}],"version-history":[{"count":4,"href":"https:\/\/www.riparazionicellulari.it\/index.php\/wp-json\/wp\/v2\/pages\/298\/revisions"}],"predecessor-version":[{"id":1270,"href":"https:\/\/www.riparazionicellulari.it\/index.php\/wp-json\/wp\/v2\/pages\/298\/revisions\/1270"}],"wp:featuredmedia":[{"embeddable":true,"href":"https:\/\/www.riparazionicellulari.it\/index.php\/wp-json\/wp\/v2\/media\/173"}],"wp:attachment":[{"href":"https:\/\/www.riparazionicellulari.it\/index.php\/wp-json\/wp\/v2\/media?parent=298"}],"curies":[{"name":"wp","href":"https:\/\/api.w.org\/{rel}","templated":true}]}}